{"id":3305,"date":"2024-11-06T17:34:12","date_gmt":"2024-11-06T16:34:12","guid":{"rendered":"https:\/\/poderedoncataldo.com\/?page_id=3305"},"modified":"2024-12-06T17:42:28","modified_gmt":"2024-12-06T16:42:28","slug":"carrello","status":"publish","type":"page","link":"https:\/\/poderedoncataldo.com\/en\/carrello\/","title":{"rendered":"Carrello"},"content":{"rendered":"<div data-elementor-type=\"wp-page\" data-elementor-id=\"3305\" class=\"elementor elementor-3305\" data-elementor-post-type=\"page\">\n\t\t\t\t<div class=\"elementor-element elementor-element-918ed5c e-flex e-con-boxed e-con e-parent\" data-id=\"918ed5c\" data-element_type=\"container\" data-settings=\"{&quot;jet_parallax_layout_list&quot;:[]}\">\n\t\t\t\t\t<div class=\"e-con-inner\">\n\t\t\t\t<div class=\"elementor-element elementor-element-ea84567 elementor-widget elementor-widget-heading\" data-id=\"ea84567\" data-element_type=\"widget\" data-widget_type=\"heading.default\">\n\t\t\t\t<div class=\"elementor-widget-container\">\n\t\t\t\t\t<h1 class=\"elementor-heading-title elementor-size-default\">Carrello<\/h1>\t\t\t\t<\/div>\n\t\t\t\t<\/div>\n\t\t\t\t\t<\/div>\n\t\t\t\t<\/div>\n\t\t\t\t<\/div>","protected":false},"excerpt":{"rendered":"<p>Carrello Rimuovi articolo Miniatura immagine Prodotto Prezzo Quantit\u00e0 Subtotale &times; Negroamaro 12.50&euro; Negroamaro quantit\u00e0 87.50&euro; &times; Negroamaro Vinificato in Bianco 12.50&euro; Negroamaro Vinificato in Bianco quantit\u00e0 12.50&euro; Applica Totale Carrello Subtotale 100.00&euro; Spedizione Spedizione Standard: 6.00&euro; Spedizione a afsd, 20900, monza, MESSINA, Italia. Modifica indirizzo Paese\/regione: Seleziona un Paese\/una regione\u2026AfghanistanAlbaniaAlgeriaAmerican SamoaAndorraAngolaAnguillaAntartideAntigua e BarbudaArabia SauditaArgentinaArmeniaArubaAustraliaAustriaAzerbaijanBahamasBahrainBangladeshBarbadosBelauBelgioBelizeBeninBermudaBhutanBielorussiaBirmaniaBoliviaBonaire, Saint [&hellip;]<\/p>","protected":false},"author":1,"featured_media":0,"parent":0,"menu_order":0,"comment_status":"closed","ping_status":"closed","template":"","meta":{"_acf_changed":false,"footnotes":""},"class_list":["post-3305","page","type-page","status-publish","hentry"],"acf":[],"yoast_head":"<!-- This site is optimized with the Yoast SEO plugin v24.2 - https:\/\/yoast.com\/wordpress\/plugins\/seo\/ -->\n<title>Carrello - Podere Don Cataldo<\/title>\n<meta name=\"robots\" content=\"index, follow, max-snippet:-1, max-image-preview:large, max-video-preview:-1\" \/>\n<link rel=\"canonical\" href=\"https:\/\/poderedoncataldo.com\/en\/carrello\/\" \/>\n<meta property=\"og:locale\" content=\"en_GB\" \/>\n<meta property=\"og:type\" content=\"article\" \/>\n<meta property=\"og:title\" content=\"Carrello - Podere Don Cataldo\" \/>\n<meta property=\"og:description\" content=\"Carrello Rimuovi articolo Miniatura immagine Prodotto Prezzo Quantit\u00e0 Subtotale &times; Negroamaro 12.50&euro; Negroamaro quantit\u00e0 87.50&euro; &times; Negroamaro Vinificato in Bianco 12.50&euro; Negroamaro Vinificato in Bianco quantit\u00e0 12.50&euro; Applica Totale Carrello Subtotale 100.00&euro; Spedizione Spedizione Standard: 6.00&euro; Spedizione a afsd, 20900, monza, MESSINA, Italia. Modifica indirizzo Paese\/regione: Seleziona un Paese\/una regione\u2026AfghanistanAlbaniaAlgeriaAmerican SamoaAndorraAngolaAnguillaAntartideAntigua e BarbudaArabia SauditaArgentinaArmeniaArubaAustraliaAustriaAzerbaijanBahamasBahrainBangladeshBarbadosBelauBelgioBelizeBeninBermudaBhutanBielorussiaBirmaniaBoliviaBonaire, Saint [&hellip;]\" \/>\n<meta property=\"og:url\" content=\"https:\/\/poderedoncataldo.com\/en\/carrello\/\" \/>\n<meta property=\"og:site_name\" content=\"Podere Don Cataldo\" \/>\n<meta property=\"article:publisher\" content=\"https:\/\/www.facebook.com\/poderedoncataldo\" \/>\n<meta property=\"article:modified_time\" content=\"2024-12-06T16:42:28+00:00\" \/>\n<meta property=\"og:image\" content=\"https:\/\/poderedoncataldo.com\/wp-content\/uploads\/2024\/10\/Negroamaro_Prodotti_PodereDonCataldo-300x300.webp\" \/>\n<meta name=\"twitter:card\" content=\"summary_large_image\" \/>\n<meta name=\"twitter:label1\" content=\"Estimated reading time\" \/>\n\t<meta name=\"twitter:data1\" content=\"3 minutes\" \/>\n<script type=\"application\/ld+json\" class=\"yoast-schema-graph\">{\"@context\":\"https:\/\/schema.org\",\"@graph\":[{\"@type\":\"WebPage\",\"@id\":\"https:\/\/poderedoncataldo.com\/carrello\/\",\"url\":\"https:\/\/poderedoncataldo.com\/carrello\/\",\"name\":\"Carrello - Podere Don Cataldo\",\"isPartOf\":{\"@id\":\"https:\/\/poderedoncataldo.com\/#website\"},\"primaryImageOfPage\":{\"@id\":\"https:\/\/poderedoncataldo.com\/carrello\/#primaryimage\"},\"image\":{\"@id\":\"https:\/\/poderedoncataldo.com\/carrello\/#primaryimage\"},\"thumbnailUrl\":\"https:\/\/poderedoncataldo.com\/wp-content\/uploads\/2024\/10\/Negroamaro_Prodotti_PodereDonCataldo-300x300.webp\",\"datePublished\":\"2024-11-06T16:34:12+00:00\",\"dateModified\":\"2024-12-06T16:42:28+00:00\",\"breadcrumb\":{\"@id\":\"https:\/\/poderedoncataldo.com\/carrello\/#breadcrumb\"},\"inLanguage\":\"en-GB\",\"potentialAction\":[{\"@type\":\"ReadAction\",\"target\":[\"https:\/\/poderedoncataldo.com\/carrello\/\"]}]},{\"@type\":\"ImageObject\",\"inLanguage\":\"en-GB\",\"@id\":\"https:\/\/poderedoncataldo.com\/carrello\/#primaryimage\",\"url\":\"https:\/\/poderedoncataldo.com\/wp-content\/uploads\/2024\/10\/Negroamaro_Prodotti_PodereDonCataldo-300x300.webp\",\"contentUrl\":\"https:\/\/poderedoncataldo.com\/wp-content\/uploads\/2024\/10\/Negroamaro_Prodotti_PodereDonCataldo-300x300.webp\"},{\"@type\":\"BreadcrumbList\",\"@id\":\"https:\/\/poderedoncataldo.com\/carrello\/#breadcrumb\",\"itemListElement\":[{\"@type\":\"ListItem\",\"position\":1,\"name\":\"Home\",\"item\":\"https:\/\/poderedoncataldo.com\/\"},{\"@type\":\"ListItem\",\"position\":2,\"name\":\"Carrello\"}]},{\"@type\":\"WebSite\",\"@id\":\"https:\/\/poderedoncataldo.com\/#website\",\"url\":\"https:\/\/poderedoncataldo.com\/\",\"name\":\"Podere Don Cataldo\",\"description\":\"Cinque generazioni di passione per il Salento\",\"publisher\":{\"@id\":\"https:\/\/poderedoncataldo.com\/#organization\"},\"potentialAction\":[{\"@type\":\"SearchAction\",\"target\":{\"@type\":\"EntryPoint\",\"urlTemplate\":\"https:\/\/poderedoncataldo.com\/?s={search_term_string}\"},\"query-input\":{\"@type\":\"PropertyValueSpecification\",\"valueRequired\":true,\"valueName\":\"search_term_string\"}}],\"inLanguage\":\"en-GB\"},{\"@type\":\"Organization\",\"@id\":\"https:\/\/poderedoncataldo.com\/#organization\",\"name\":\"Podere Don Cataldo\",\"url\":\"https:\/\/poderedoncataldo.com\/\",\"logo\":{\"@type\":\"ImageObject\",\"inLanguage\":\"en-GB\",\"@id\":\"https:\/\/poderedoncataldo.com\/#\/schema\/logo\/image\/\",\"url\":\"https:\/\/poderedoncataldo.com\/wp-content\/uploads\/2021\/04\/logo_PodereDonCataldo.svg\",\"contentUrl\":\"https:\/\/poderedoncataldo.com\/wp-content\/uploads\/2021\/04\/logo_PodereDonCataldo.svg\",\"width\":217,\"height\":89,\"caption\":\"Podere Don Cataldo\"},\"image\":{\"@id\":\"https:\/\/poderedoncataldo.com\/#\/schema\/logo\/image\/\"},\"sameAs\":[\"https:\/\/www.facebook.com\/poderedoncataldo\",\"https:\/\/www.instagram.com\/poderedoncataldo\/\",\"https:\/\/www.linkedin.com\/company\/poderedoncataldo\/\"]}]}<\/script>\n<!-- \/ Yoast SEO plugin. -->","yoast_head_json":{"title":"Carrello - Podere Don Cataldo","robots":{"index":"index","follow":"follow","max-snippet":"max-snippet:-1","max-image-preview":"max-image-preview:large","max-video-preview":"max-video-preview:-1"},"canonical":"https:\/\/poderedoncataldo.com\/en\/carrello\/","og_locale":"en_GB","og_type":"article","og_title":"Carrello - Podere Don Cataldo","og_description":"Carrello Rimuovi articolo Miniatura immagine Prodotto Prezzo Quantit\u00e0 Subtotale &times; Negroamaro 12.50&euro; Negroamaro quantit\u00e0 87.50&euro; &times; Negroamaro Vinificato in Bianco 12.50&euro; Negroamaro Vinificato in Bianco quantit\u00e0 12.50&euro; Applica Totale Carrello Subtotale 100.00&euro; Spedizione Spedizione Standard: 6.00&euro; Spedizione a afsd, 20900, monza, MESSINA, Italia. Modifica indirizzo Paese\/regione: Seleziona un Paese\/una regione\u2026AfghanistanAlbaniaAlgeriaAmerican SamoaAndorraAngolaAnguillaAntartideAntigua e BarbudaArabia SauditaArgentinaArmeniaArubaAustraliaAustriaAzerbaijanBahamasBahrainBangladeshBarbadosBelauBelgioBelizeBeninBermudaBhutanBielorussiaBirmaniaBoliviaBonaire, Saint [&hellip;]","og_url":"https:\/\/poderedoncataldo.com\/en\/carrello\/","og_site_name":"Podere Don Cataldo","article_publisher":"https:\/\/www.facebook.com\/poderedoncataldo","article_modified_time":"2024-12-06T16:42:28+00:00","og_image":[{"url":"https:\/\/poderedoncataldo.com\/wp-content\/uploads\/2024\/10\/Negroamaro_Prodotti_PodereDonCataldo-300x300.webp","type":"","width":"","height":""}],"twitter_card":"summary_large_image","twitter_misc":{"Estimated reading time":"3 minutes"},"schema":{"@context":"https:\/\/schema.org","@graph":[{"@type":"WebPage","@id":"https:\/\/poderedoncataldo.com\/carrello\/","url":"https:\/\/poderedoncataldo.com\/carrello\/","name":"Carrello - Podere Don Cataldo","isPartOf":{"@id":"https:\/\/poderedoncataldo.com\/#website"},"primaryImageOfPage":{"@id":"https:\/\/poderedoncataldo.com\/carrello\/#primaryimage"},"image":{"@id":"https:\/\/poderedoncataldo.com\/carrello\/#primaryimage"},"thumbnailUrl":"https:\/\/poderedoncataldo.com\/wp-content\/uploads\/2024\/10\/Negroamaro_Prodotti_PodereDonCataldo-300x300.webp","datePublished":"2024-11-06T16:34:12+00:00","dateModified":"2024-12-06T16:42:28+00:00","breadcrumb":{"@id":"https:\/\/poderedoncataldo.com\/carrello\/#breadcrumb"},"inLanguage":"en-GB","potentialAction":[{"@type":"ReadAction","target":["https:\/\/poderedoncataldo.com\/carrello\/"]}]},{"@type":"ImageObject","inLanguage":"en-GB","@id":"https:\/\/poderedoncataldo.com\/carrello\/#primaryimage","url":"https:\/\/poderedoncataldo.com\/wp-content\/uploads\/2024\/10\/Negroamaro_Prodotti_PodereDonCataldo-300x300.webp","contentUrl":"https:\/\/poderedoncataldo.com\/wp-content\/uploads\/2024\/10\/Negroamaro_Prodotti_PodereDonCataldo-300x300.webp"},{"@type":"BreadcrumbList","@id":"https:\/\/poderedoncataldo.com\/carrello\/#breadcrumb","itemListElement":[{"@type":"ListItem","position":1,"name":"Home","item":"https:\/\/poderedoncataldo.com\/"},{"@type":"ListItem","position":2,"name":"Carrello"}]},{"@type":"WebSite","@id":"https:\/\/poderedoncataldo.com\/#website","url":"https:\/\/poderedoncataldo.com\/","name":"Podere Don Cataldo","description":"Cinque generazioni di passione per il Salento","publisher":{"@id":"https:\/\/poderedoncataldo.com\/#organization"},"potentialAction":[{"@type":"SearchAction","target":{"@type":"EntryPoint","urlTemplate":"https:\/\/poderedoncataldo.com\/?s={search_term_string}"},"query-input":{"@type":"PropertyValueSpecification","valueRequired":true,"valueName":"search_term_string"}}],"inLanguage":"en-GB"},{"@type":"Organization","@id":"https:\/\/poderedoncataldo.com\/#organization","name":"Podere Don Cataldo","url":"https:\/\/poderedoncataldo.com\/","logo":{"@type":"ImageObject","inLanguage":"en-GB","@id":"https:\/\/poderedoncataldo.com\/#\/schema\/logo\/image\/","url":"https:\/\/poderedoncataldo.com\/wp-content\/uploads\/2021\/04\/logo_PodereDonCataldo.svg","contentUrl":"https:\/\/poderedoncataldo.com\/wp-content\/uploads\/2021\/04\/logo_PodereDonCataldo.svg","width":217,"height":89,"caption":"Podere Don Cataldo"},"image":{"@id":"https:\/\/poderedoncataldo.com\/#\/schema\/logo\/image\/"},"sameAs":["https:\/\/www.facebook.com\/poderedoncataldo","https:\/\/www.instagram.com\/poderedoncataldo\/","https:\/\/www.linkedin.com\/company\/poderedoncataldo\/"]}]}},"_links":{"self":[{"href":"https:\/\/poderedoncataldo.com\/en\/wp-json\/wp\/v2\/pages\/3305","targetHints":{"allow":["GET"]}}],"collection":[{"href":"https:\/\/poderedoncataldo.com\/en\/wp-json\/wp\/v2\/pages"}],"about":[{"href":"https:\/\/poderedoncataldo.com\/en\/wp-json\/wp\/v2\/types\/page"}],"author":[{"embeddable":true,"href":"https:\/\/poderedoncataldo.com\/en\/wp-json\/wp\/v2\/users\/1"}],"replies":[{"embeddable":true,"href":"https:\/\/poderedoncataldo.com\/en\/wp-json\/wp\/v2\/comments?post=3305"}],"version-history":[{"count":25,"href":"https:\/\/poderedoncataldo.com\/en\/wp-json\/wp\/v2\/pages\/3305\/revisions"}],"predecessor-version":[{"id":3559,"href":"https:\/\/poderedoncataldo.com\/en\/wp-json\/wp\/v2\/pages\/3305\/revisions\/3559"}],"wp:attachment":[{"href":"https:\/\/poderedoncataldo.com\/en\/wp-json\/wp\/v2\/media?parent=3305"}],"curies":[{"name":"wp","href":"https:\/\/api.w.org\/{rel}","templated":true}]}}